{"id":41,"date":"2023-11-09T18:20:01","date_gmt":"2023-11-09T18:20:01","guid":{"rendered":"https:\/\/bildung.revierkohle.de\/index.php\/reset-password\/"},"modified":"2023-11-09T18:20:01","modified_gmt":"2023-11-09T18:20:01","slug":"reset-password","status":"publish","type":"page","link":"https:\/\/bildung.revierkohle.de\/index.php\/reset-password\/","title":{"rendered":"Reset Password"},"content":{"rendered":"<div class=\"event-wrapper-shortcode reset-password\"><form name=\"resetpassform\" action=\"https:\/\/bildung.revierkohle.de\/wp-login.php?action=resetpass\" method=\"POST\" class=\"event-auth-form\">\r\n\t<input type=\"hidden\" name=\"user_login\" value=\"\" \/>\r\n\r\n\t<div class=\"user-pass1-wrap\">\r\n\t\t<p class=\"form-row required\">\r\n\t\t\t<label for=\"pass1\">Password<\/label>\r\n\t\t<\/p>\r\n\r\n\t\t<div class=\"wp-pwd\">\r\n\t\t\t<span class=\"password-input-wrapper\">\r\n\t\t\t\t<input type=\"password\"  class=\"event_auth_input\" name=\"pass1\" \/>\r\n\t\t\t<\/span>\r\n\t\t<\/div>\r\n\t<\/div>\r\n\r\n\t<div class=\"user-pass2-wrap\">\r\n\t\t<p class=\"form-row required\">\r\n\t\t\t<label for=\"pass2\">Confirm Password<\/label>\r\n\t\t<\/p>\r\n\r\n\t\t<div class=\"wp-pwd\">\r\n\t\t\t<span class=\"password-input-wrapper\">\r\n\t\t\t\t<input type=\"password\" name=\"pass2\" class=\"event_auth_input\" \/>\r\n\t\t\t<\/span>\r\n\t\t<\/div>\r\n\t<\/div>\r\n\r\n\t<p class=\"description indicator-hint\">Tipp: Das Passwort sollte mindestens zw\u00f6lf Zeichen lang sein. F\u00fcr ein st\u00e4rkeres Passwort verwende Gro\u00df- und Kleinbuchstaben, Zahlen und Sonderzeichen wie ! \" ? $ % ^ &amp; ).<\/p>\r\n\r\n\t\t<input type=\"hidden\" name=\"key\" value=\"\" \/>\r\n\t<p class=\"submit form-row required\">\r\n\t\t<input type=\"submit\" name=\"submit\" class=\"button button-primary button-large\" value=\"Reset Password\" \/>\r\n\t<\/p>\r\n<\/form>\r\n\r\n<p id=\"nav\">\r\n\t\t\t<a href=\"https:\/\/bildung.revierkohle.de\/wp-login.php\">Log in<\/a>\r\n\t\t<\/p>\r\n<\/div>\n","protected":false},"excerpt":{"rendered":"Password Confirm Password Tipp: Das Passwort sollte mindestens zw\u00f6lf Zeichen lang sein. F\u00fcr ein st\u00e4rkeres Passwort verwende Gro\u00df- und Kleinbuchstaben, Zahlen und Sonderzeichen wie ! \" ? $ % ^ &amp; ). Log in","protected":false},"author":1,"featured_media":0,"parent":0,"menu_order":0,"comment_status":"closed","ping_status":"closed","template":"","meta":{"footnotes":""},"class_list":["post-41","page","type-page","status-publish","hentry"],"yoast_head":"<!-- This site is optimized with the Yoast SEO plugin v23.1 - https:\/\/yoast.com\/wordpress\/plugins\/seo\/ -->\n<title>Reset Password - Revierkohle-Bildung<\/title>\n<meta name=\"robots\" content=\"index, follow, max-snippet:-1, max-image-preview:large, max-video-preview:-1\" \/>\n<link rel=\"canonical\" href=\"https:\/\/bildung.revierkohle.de\/index.php\/reset-password\/\" \/>\n<meta property=\"og:locale\" content=\"de_DE\" \/>\n<meta property=\"og:type\" content=\"article\" \/>\n<meta property=\"og:title\" content=\"Reset Password - Revierkohle-Bildung\" \/>\n<meta property=\"og:url\" content=\"https:\/\/bildung.revierkohle.de\/index.php\/reset-password\/\" \/>\n<meta property=\"og:site_name\" content=\"Revierkohle-Bildung\" \/>\n<meta name=\"twitter:card\" content=\"summary_large_image\" \/>\n<script type=\"application\/ld+json\" class=\"yoast-schema-graph\">{\"@context\":\"https:\/\/schema.org\",\"@graph\":[{\"@type\":\"WebPage\",\"@id\":\"https:\/\/bildung.revierkohle.de\/index.php\/reset-password\/\",\"url\":\"https:\/\/bildung.revierkohle.de\/index.php\/reset-password\/\",\"name\":\"Reset Password - Revierkohle-Bildung\",\"isPartOf\":{\"@id\":\"https:\/\/bildung.revierkohle.de\/#website\"},\"datePublished\":\"2023-11-09T18:20:01+00:00\",\"dateModified\":\"2023-11-09T18:20:01+00:00\",\"breadcrumb\":{\"@id\":\"https:\/\/bildung.revierkohle.de\/index.php\/reset-password\/#breadcrumb\"},\"inLanguage\":\"de\",\"potentialAction\":[{\"@type\":\"ReadAction\",\"target\":[\"https:\/\/bildung.revierkohle.de\/index.php\/reset-password\/\"]}]},{\"@type\":\"BreadcrumbList\",\"@id\":\"https:\/\/bildung.revierkohle.de\/index.php\/reset-password\/#breadcrumb\",\"itemListElement\":[{\"@type\":\"ListItem\",\"position\":1,\"name\":\"Startseite\",\"item\":\"https:\/\/bildung.revierkohle.de\/\"},{\"@type\":\"ListItem\",\"position\":2,\"name\":\"Reset Password\"}]},{\"@type\":\"WebSite\",\"@id\":\"https:\/\/bildung.revierkohle.de\/#website\",\"url\":\"https:\/\/bildung.revierkohle.de\/\",\"name\":\"Revierkohle-Bildung\",\"description\":\"alles \u00fcber Wetter,Klima und Energie\",\"potentialAction\":[{\"@type\":\"SearchAction\",\"target\":{\"@type\":\"EntryPoint\",\"urlTemplate\":\"https:\/\/bildung.revierkohle.de\/?s={search_term_string}\"},\"query-input\":\"required name=search_term_string\"}],\"inLanguage\":\"de\"}]}<\/script>\n<!-- \/ Yoast SEO plugin. -->","yoast_head_json":{"title":"Reset Password - Revierkohle-Bildung","robots":{"index":"index","follow":"follow","max-snippet":"max-snippet:-1","max-image-preview":"max-image-preview:large","max-video-preview":"max-video-preview:-1"},"canonical":"https:\/\/bildung.revierkohle.de\/index.php\/reset-password\/","og_locale":"de_DE","og_type":"article","og_title":"Reset Password - Revierkohle-Bildung","og_url":"https:\/\/bildung.revierkohle.de\/index.php\/reset-password\/","og_site_name":"Revierkohle-Bildung","twitter_card":"summary_large_image","schema":{"@context":"https:\/\/schema.org","@graph":[{"@type":"WebPage","@id":"https:\/\/bildung.revierkohle.de\/index.php\/reset-password\/","url":"https:\/\/bildung.revierkohle.de\/index.php\/reset-password\/","name":"Reset Password - Revierkohle-Bildung","isPartOf":{"@id":"https:\/\/bildung.revierkohle.de\/#website"},"datePublished":"2023-11-09T18:20:01+00:00","dateModified":"2023-11-09T18:20:01+00:00","breadcrumb":{"@id":"https:\/\/bildung.revierkohle.de\/index.php\/reset-password\/#breadcrumb"},"inLanguage":"de","potentialAction":[{"@type":"ReadAction","target":["https:\/\/bildung.revierkohle.de\/index.php\/reset-password\/"]}]},{"@type":"BreadcrumbList","@id":"https:\/\/bildung.revierkohle.de\/index.php\/reset-password\/#breadcrumb","itemListElement":[{"@type":"ListItem","position":1,"name":"Startseite","item":"https:\/\/bildung.revierkohle.de\/"},{"@type":"ListItem","position":2,"name":"Reset Password"}]},{"@type":"WebSite","@id":"https:\/\/bildung.revierkohle.de\/#website","url":"https:\/\/bildung.revierkohle.de\/","name":"Revierkohle-Bildung","description":"alles \u00fcber Wetter,Klima und Energie","potentialAction":[{"@type":"SearchAction","target":{"@type":"EntryPoint","urlTemplate":"https:\/\/bildung.revierkohle.de\/?s={search_term_string}"},"query-input":"required name=search_term_string"}],"inLanguage":"de"}]}},"_links":{"self":[{"href":"https:\/\/bildung.revierkohle.de\/index.php\/wp-json\/wp\/v2\/pages\/41","targetHints":{"allow":["GET"]}}],"collection":[{"href":"https:\/\/bildung.revierkohle.de\/index.php\/wp-json\/wp\/v2\/pages"}],"about":[{"href":"https:\/\/bildung.revierkohle.de\/index.php\/wp-json\/wp\/v2\/types\/page"}],"author":[{"embeddable":true,"href":"https:\/\/bildung.revierkohle.de\/index.php\/wp-json\/wp\/v2\/users\/1"}],"replies":[{"embeddable":true,"href":"https:\/\/bildung.revierkohle.de\/index.php\/wp-json\/wp\/v2\/comments?post=41"}],"version-history":[{"count":0,"href":"https:\/\/bildung.revierkohle.de\/index.php\/wp-json\/wp\/v2\/pages\/41\/revisions"}],"wp:attachment":[{"href":"https:\/\/bildung.revierkohle.de\/index.php\/wp-json\/wp\/v2\/media?parent=41"}],"curies":[{"name":"wp","href":"https:\/\/api.w.org\/{rel}","templated":true}]}}